{"id":7407,"date":"2026-04-07T13:49:33","date_gmt":"2026-04-07T10:49:33","guid":{"rendered":"https:\/\/www.uni-dg.md\/politica-de-confidentialitate\/"},"modified":"2026-04-07T13:49:33","modified_gmt":"2026-04-07T10:49:33","slug":"politica-de-confidentialitate","status":"publish","type":"page","link":"https:\/\/www.uni-dg.md\/ru\/politica-de-confidentialitate\/","title":{"rendered":"\u041f\u043e\u043b\u0438\u0442\u0438\u043a\u043e\u0439 \u043a\u043e\u043d\u0444\u0438\u0434\u0435\u043d\u0446\u0438\u0430\u043b\u044c\u043d\u043e\u0441\u0442\u0438"},"content":{"rendered":"<h2>Politica de Confiden\u021bialitate \u0219i Securitatea Datelor<\/h2>\n<p>Elaborat\u0103 conform <strong>Legii nr. 133 din 08.07.2011 cu privire la protec\u021bia datelor cu caracter personal<\/strong>. Operator: Universitatea Divitia Gratiae Institu\u021bia Religioas\u0103, mun. Chi\u0219in\u0103u, str. Alexandru H\u00e2jdeu 94.<\/p>\n<h3>1. Datele colectate<\/h3>\n<p>Colect\u0103m: nume, prenume, e-mail, telefon, regiune, organiza\u021bie, preferin\u021be de traducere. Datele bancare sunt procesate exclusiv de B.C. \u201eVictoriabank&#8221; S.A. \u0219i BNM \u2014 nu le stoc\u0103m.<\/p>\n<h3>2. Scopul prelucr\u0103rii<\/h3>\n<p>Datele sunt utilizate exclusiv pentru: organizarea conferin\u021bei, confirmarea \u00eenregistr\u0103rii, procesarea pl\u0103\u021bilor \u0219i comunic\u0103ri legate de eveniment.<\/p>\n<h3>3. Securitatea datelor<\/h3>\n<p>Aplic\u0103m m\u0103suri tehnice \u0219i organizatorice adecvate pentru protec\u021bia datelor. Tranzac\u021biile sunt protejate prin criptare conform standardelor BNM \u0219i Victoriabank.<\/p>\n<h3>4. Drepturile dumneavoastr\u0103<\/h3>\n<p>Conform Legii nr. 133\/2011, ave\u021bi drept de acces, rectificare, \u0219tergere \u0219i opozi\u021bie. Solicit\u0103rile se transmit la <a href=\"mailto:events@uni-dg.md\">events@uni-dg.md<\/a>.<\/p>\n<h3>5. Contact<\/h3>\n<p><a href=\"mailto:events@uni-dg.md\">events@uni-dg.md<\/a> | +37368459599<\/p>","protected":false},"excerpt":{"rendered":"<p>Politica de Confiden\u021bialitate \u0219i Securitatea Datelor Elaborat\u0103 conform Legii nr. 133 din 08.07.2011 cu privire la protec\u021bia datelor cu caracter personal. Operator: Universitatea Divitia Gratiae Institu\u021bia Religioas\u0103, mun. Chi\u0219in\u0103u, str. Alexandru H\u00e2jdeu 94. 1. Datele colectate Colect\u0103m: nume, prenume, e-mail, telefon, regiune, organiza\u021bie, preferin\u021be de traducere. Datele bancare sunt procesate exclusiv de B.C. \u201eVictoriabank&#8221; S.A. &hellip;<\/p>\n<p class=\"read-more\"> <a class=\"\" href=\"https:\/\/www.uni-dg.md\/ru\/politica-de-confidentialitate\/\"> <span class=\"screen-reader-text\">\u041f\u043e\u043b\u0438\u0442\u0438\u043a\u043e\u0439 \u043a\u043e\u043d\u0444\u0438\u0434\u0435\u043d\u0446\u0438\u0430\u043b\u044c\u043d\u043e\u0441\u0442\u0438<\/span> \u0427\u0438\u0442\u0430\u0442\u044c \u043f\u043e\u043b\u043d\u043e\u0441\u0442\u044c\u044e &raquo;<\/a><\/p>","protected":false},"author":0,"featured_media":0,"parent":0,"menu_order":0,"comment_status":"closed","ping_status":"closed","template":"","meta":{"_editorskit_title_hidden":false,"_editorskit_reading_time":0,"_editorskit_is_block_options_detached":false,"_editorskit_block_options_position":"{}"},"_links":{"self":[{"href":"https:\/\/www.uni-dg.md\/ru\/wp-json\/wp\/v2\/pages\/7407"}],"collection":[{"href":"https:\/\/www.uni-dg.md\/ru\/wp-json\/wp\/v2\/pages"}],"about":[{"href":"https:\/\/www.uni-dg.md\/ru\/wp-json\/wp\/v2\/types\/page"}],"replies":[{"embeddable":true,"href":"https:\/\/www.uni-dg.md\/ru\/wp-json\/wp\/v2\/comments?post=7407"}],"version-history":[{"count":0,"href":"https:\/\/www.uni-dg.md\/ru\/wp-json\/wp\/v2\/pages\/7407\/revisions"}],"wp:attachment":[{"href":"https:\/\/www.uni-dg.md\/ru\/wp-json\/wp\/v2\/media?parent=7407"}],"curies":[{"name":"wp","href":"https:\/\/api.w.org\/{rel}","templated":true}]}}