{"id":7405,"date":"2026-04-07T13:49:33","date_gmt":"2026-04-07T10:49:33","guid":{"rendered":"https:\/\/www.uni-dg.md\/termeni-si-conditii-de-plata\/"},"modified":"2026-04-07T11:24:41","modified_gmt":"2026-04-07T11:24:41","slug":"termeni-si-conditii-de-plata","status":"publish","type":"page","link":"https:\/\/www.uni-dg.md\/ru\/termeni-si-conditii-de-plata\/","title":{"rendered":"\u041f\u0440\u0430\u0432\u0438\u043b\u0430 \u0438 \u0443\u0441\u043b\u043e\u0432\u0438\u044f \u043e\u043f\u043b\u0430\u0442\u044b"},"content":{"rendered":"<h2>\u041f\u0440\u0430\u0432\u0438\u043b\u0430 \u0438 \u0443\u0441\u043b\u043e\u0432\u0438\u044f \u043e\u043f\u043b\u0430\u0442\u044b<\/h2>\n<p>\u041d\u0430\u0441\u0442\u043e\u044f\u0449\u0438\u0439 \u0434\u043e\u043a\u0443\u043c\u0435\u043d\u0442 \u0443\u0441\u0442\u0430\u043d\u0430\u0432\u043b\u0438\u0432\u0430\u0435\u0442 \u0443\u0441\u043b\u043e\u0432\u0438\u044f \u043e\u043f\u043b\u0430\u0442\u044b \u0443\u0441\u043b\u0443\u0433, \u043f\u0440\u0435\u0434\u043e\u0441\u0442\u0430\u0432\u043b\u044f\u0435\u043c\u044b\u0445 <strong>Universitatea Divitia Gratiae Institu\u021bia Religioas\u0103<\/strong>, \u0440\u0430\u0441\u043f\u043e\u043b\u043e\u0436\u0435\u043d\u043d\u043e\u0435 \u043f\u043e \u0430\u0434\u0440\u0435\u0441\u0443: \u0433. \u041a\u0438\u0448\u0438\u043d\u0435\u0432, \u0443\u043b. \u0410\u043b\u0435\u043a\u0441\u0430\u043d\u0434\u0440\u0443 \u0425\u0430\u0434\u0436\u0435\u0443, 94, \u0420\u0435\u0441\u043f\u0443\u0431\u043b\u0438\u043a\u0430 \u041c\u043e\u043b\u0434\u043e\u0432\u0430.<\/p>\n<h3>1. \u041f\u0440\u0438\u043d\u0438\u043c\u0430\u0435\u043c\u044b\u0435 \u0441\u043f\u043e\u0441\u043e\u0431\u044b \u043e\u043f\u043b\u0430\u0442\u044b<\/h3>\n<p>\u041f\u043e\u0441\u0442\u0430\u0432\u0449\u0438\u043a \u043f\u0440\u0438\u043d\u0438\u043c\u0430\u0435\u0442 \u043f\u043b\u0430\u0442\u0435\u0436\u0438 \u0447\u0435\u0440\u0435\u0437 \u0441\u0438\u0441\u0442\u0435\u043c\u0443 <strong>MIA Pl\u0103\u021bi Instant<\/strong>, \u0432\u0432\u0435\u0434\u0435\u043d\u043d\u0443\u044e \u0432 \u044d\u043a\u0441\u043f\u043b\u0443\u0430\u0442\u0430\u0446\u0438\u044e \u041d\u0430\u0446\u0438\u043e\u043d\u0430\u043b\u044c\u043d\u044b\u043c \u0431\u0430\u043d\u043a\u043e\u043c \u041c\u043e\u043b\u0434\u043e\u0432\u044b (\u041d\u0411\u041c) \u0438 \u0438\u043d\u0442\u0435\u0433\u0440\u0438\u0440\u043e\u0432\u0430\u043d\u043d\u0443\u044e \u0447\u0435\u0440\u0435\u0437 \u0441\u0435\u0440\u0432\u0438\u0441 VB MIA Business \u0410\u041a \u00abVictoriabank\u00bb S.A. \u041e\u043f\u043b\u0430\u0442\u0430 \u043e\u0441\u0443\u0449\u0435\u0441\u0442\u0432\u043b\u044f\u0435\u0442\u0441\u044f \u043f\u0443\u0442\u0435\u043c \u0441\u043a\u0430\u043d\u0438\u0440\u043e\u0432\u0430\u043d\u0438\u044f QR-\u043a\u043e\u0434\u0430 \u0438\u043b\u0438 \u043f\u0435\u0440\u0435\u0445\u043e\u0434\u0430 \u043f\u043e \u0441\u0441\u044b\u043b\u043a\u0435 \u0434\u043b\u044f \u043e\u043f\u043b\u0430\u0442\u044b, \u043e\u0442\u043e\u0431\u0440\u0430\u0436\u0430\u0435\u043c\u043e\u0439 \u043d\u0430 \u0441\u0442\u0440\u0430\u043d\u0438\u0446\u0435 \u043f\u043e\u0434\u0442\u0432\u0435\u0440\u0436\u0434\u0435\u043d\u0438\u044f.<\/p>\n<h3>2. \u0412\u0430\u043b\u044e\u0442\u0430 \u0438 \u0441\u0443\u043c\u043c\u0430<\/h3>\n<p>\u0412\u0441\u0435 \u0446\u0435\u043d\u044b \u0443\u043a\u0430\u0437\u0430\u043d\u044b \u0432 \u043c\u043e\u043b\u0434\u0430\u0432\u0441\u043a\u0438\u0445 \u043b\u0435\u044f\u0445 (MDL). \u0421\u0442\u043e\u0438\u043c\u043e\u0441\u0442\u044c \u0443\u0447\u0430\u0441\u0442\u0438\u044f \u0432 \u0422\u0435\u043e\u043b\u043e\u0433\u0438\u0447\u0435\u0441\u043a\u043e\u0439 \u043a\u043e\u043d\u0444\u0435\u0440\u0435\u043d\u0446\u0438\u0438 UDG \u0432 \u0430\u043f\u0440\u0435\u043b\u0435 2026 \u0433\u043e\u0434\u0430 \u0441\u043e\u0441\u0442\u0430\u0432\u043b\u044f\u0435\u0442 <strong>300 MDL<\/strong>.<\/p>\n<h3>3. \u041f\u043e\u0434\u0442\u0432\u0435\u0440\u0436\u0434\u0435\u043d\u0438\u0435 \u043e\u043f\u043b\u0430\u0442\u044b<\/h3>\n<p>\u041e\u043f\u043b\u0430\u0442\u0430 \u0441\u0447\u0438\u0442\u0430\u0435\u0442\u0441\u044f \u043f\u0440\u043e\u0438\u0437\u0432\u0435\u0434\u0435\u043d\u043d\u043e\u0439 \u0432 \u043c\u043e\u043c\u0435\u043d\u0442 \u043f\u043e\u043b\u0443\u0447\u0435\u043d\u0438\u044f \u043f\u043e\u0434\u0442\u0432\u0435\u0440\u0436\u0434\u0435\u043d\u0438\u044f \u043e\u0442 \u0441\u0438\u0441\u0442\u0435\u043c\u044b IPS \u041d\u0411\u041c. \u0423\u0447\u0430\u0441\u0442\u043d\u0438\u043a \u043f\u043e\u043b\u0443\u0447\u0438\u0442 \u043f\u043e\u0434\u0442\u0432\u0435\u0440\u0436\u0434\u0435\u043d\u0438\u0435 \u043f\u043e \u044d\u043b\u0435\u043a\u0442\u0440\u043e\u043d\u043d\u043e\u0439 \u043f\u043e\u0447\u0442\u0435.<\/p>\n<h3>4. \u0411\u0435\u0437\u043e\u043f\u0430\u0441\u043d\u043e\u0441\u0442\u044c \u0442\u0440\u0430\u043d\u0437\u0430\u043a\u0446\u0438\u0439<\/h3>\n<p>\u0422\u0440\u0430\u043d\u0437\u0430\u043a\u0446\u0438\u0438 \u043e\u0431\u0440\u0430\u0431\u0430\u0442\u044b\u0432\u0430\u044e\u0442\u0441\u044f \u0447\u0435\u0440\u0435\u0437 \u0441\u0438\u0441\u0442\u0435\u043c\u0443 IPS \u041d\u0411\u041c \u0441 \u0430\u043b\u0433\u043e\u0440\u0438\u0442\u043c\u0438\u0447\u0435\u0441\u043a\u043e\u0439 \u0437\u0430\u0449\u0438\u0442\u043e\u0439 \u0432 \u0441\u043e\u043e\u0442\u0432\u0435\u0442\u0441\u0442\u0432\u0438\u0438 \u0441 \u0434\u0435\u0439\u0441\u0442\u0432\u0443\u044e\u0449\u0438\u043c\u0438 \u0441\u0442\u0430\u043d\u0434\u0430\u0440\u0442\u0430\u043c\u0438. \u0411\u0430\u043d\u043a\u043e\u0432\u0441\u043a\u0438\u0435 \u0434\u0430\u043d\u043d\u044b\u0435 \u043f\u043b\u0430\u0442\u0435\u043b\u044c\u0449\u0438\u043a\u0430 \u043d\u0435 \u0434\u043e\u0441\u0442\u0443\u043f\u043d\u044b \u0438 \u043d\u0435 \u0445\u0440\u0430\u043d\u044f\u0442\u0441\u044f \u0443 \u041f\u0440\u043e\u0434\u0430\u0432\u0446\u0430.<\/p>\n<h3>5. \u041d\u0435\u0434\u0438\u0441\u043a\u0440\u0438\u043c\u0438\u043d\u0430\u0446\u0438\u043e\u043d\u043d\u044b\u0435 \u0446\u0435\u043d\u044b<\/h3>\n<p>\u0421\u0442\u043e\u0438\u043c\u043e\u0441\u0442\u044c \u0443\u0441\u043b\u0443\u0433\u0438 \u043e\u0434\u0438\u043d\u0430\u043a\u043e\u0432\u0430 \u043d\u0435\u0437\u0430\u0432\u0438\u0441\u0438\u043c\u043e \u043e\u0442 \u0438\u0441\u043f\u043e\u043b\u044c\u0437\u0443\u0435\u043c\u043e\u0433\u043e \u0438\u043d\u0441\u0442\u0440\u0443\u043c\u0435\u043d\u0442\u0430 \u0438\u043b\u0438 \u0441\u043f\u043e\u0441\u043e\u0431\u0430 \u043e\u043f\u043b\u0430\u0442\u044b.<\/p>\n<h3>6. \u041a\u043e\u043d\u0442\u0430\u043a\u0442\u044b<\/h3>\n<p><a href=\"mailto:info@uni-dg.md\">info@uni-dg.md<\/a> | +37368459599<\/p>","protected":false},"excerpt":{"rendered":"<p>Termeni \u0219i Condi\u021bii de Plat\u0103 Prezentul document stabile\u0219te condi\u021biile de plat\u0103 pentru serviciile oferite de Universitatea Divitia Gratiae Institu\u021bia Religioas\u0103, cu sediul \u00een mun. Chi\u0219in\u0103u, str. Alexandru H\u00e2jdeu 94, Republica Moldova. 1. Metode de plat\u0103 acceptate Comerciantul accept\u0103 pl\u0103\u021bi prin sistemul MIA Pl\u0103\u021bi Instant, opera\u021bionalizat de Banca Na\u021bional\u0103 a Moldovei (BNM) \u0219i integrat prin serviciul &hellip;<\/p>\n<p class=\"read-more\"> <a class=\"\" href=\"https:\/\/www.uni-dg.md\/ru\/termeni-si-conditii-de-plata\/\"> <span class=\"screen-reader-text\">\u041f\u0440\u0430\u0432\u0438\u043b\u0430 \u0438 \u0443\u0441\u043b\u043e\u0432\u0438\u044f \u043e\u043f\u043b\u0430\u0442\u044b<\/span> \u0427\u0438\u0442\u0430\u0442\u044c \u043f\u043e\u043b\u043d\u043e\u0441\u0442\u044c\u044e &raquo;<\/a><\/p>","protected":false},"author":1,"featured_media":0,"parent":0,"menu_order":0,"comment_status":"closed","ping_status":"closed","template":"","meta":{"_editorskit_title_hidden":false,"_editorskit_reading_time":0,"_editorskit_is_block_options_detached":false,"_editorskit_block_options_position":"{}"},"_links":{"self":[{"href":"https:\/\/www.uni-dg.md\/ru\/wp-json\/wp\/v2\/pages\/7405"}],"collection":[{"href":"https:\/\/www.uni-dg.md\/ru\/wp-json\/wp\/v2\/pages"}],"about":[{"href":"https:\/\/www.uni-dg.md\/ru\/wp-json\/wp\/v2\/types\/page"}],"author":[{"embeddable":true,"href":"https:\/\/www.uni-dg.md\/ru\/wp-json\/wp\/v2\/users\/1"}],"replies":[{"embeddable":true,"href":"https:\/\/www.uni-dg.md\/ru\/wp-json\/wp\/v2\/comments?post=7405"}],"version-history":[{"count":1,"href":"https:\/\/www.uni-dg.md\/ru\/wp-json\/wp\/v2\/pages\/7405\/revisions"}],"predecessor-version":[{"id":7411,"href":"https:\/\/www.uni-dg.md\/ru\/wp-json\/wp\/v2\/pages\/7405\/revisions\/7411"}],"wp:attachment":[{"href":"https:\/\/www.uni-dg.md\/ru\/wp-json\/wp\/v2\/media?parent=7405"}],"curies":[{"name":"wp","href":"https:\/\/api.w.org\/{rel}","templated":true}]}}