{"id":7405,"date":"2026-04-07T13:49:33","date_gmt":"2026-04-07T10:49:33","guid":{"rendered":"https:\/\/www.uni-dg.md\/termeni-si-conditii-de-plata\/"},"modified":"2026-04-07T11:24:41","modified_gmt":"2026-04-07T11:24:41","slug":"termeni-si-conditii-de-plata","status":"publish","type":"page","link":"https:\/\/www.uni-dg.md\/ro\/termeni-si-conditii-de-plata\/","title":{"rendered":"Termeni \u0219i Condi\u021bii de Plat\u0103"},"content":{"rendered":"<h2>Termeni \u0219i Condi\u021bii de Plat\u0103<\/h2>\n<p>Prezentul document stabile\u0219te condi\u021biile de plat\u0103 pentru serviciile oferite de <strong>Universitatea Divitia Gratiae Institu\u021bia Religioas\u0103<\/strong>, cu sediul \u00een mun. Chi\u0219in\u0103u, str. Alexandru H\u00e2jdeu 94, Republica Moldova.<\/p>\n<h3>1. Metode de plat\u0103 acceptate<\/h3>\n<p>Comerciantul accept\u0103 pl\u0103\u021bi prin sistemul <strong>MIA Pl\u0103\u021bi Instant<\/strong>, opera\u021bionalizat de Banca Na\u021bional\u0103 a Moldovei (BNM) \u0219i integrat prin serviciul VB MIA Business al B.C. \u201eVictoriabank&#8221; S.A. Plata se efectueaz\u0103 prin scanarea codului QR sau prin accesarea link-ului de plat\u0103 afi\u0219at pe pagina de confirmare.<\/p>\n<h3>2. Moneda \u0219i suma<\/h3>\n<p>Toate pre\u021burile sunt exprimate \u00een lei moldovene\u0219ti (MDL). Taxa de participare la Conferin\u021ba Teologic\u0103 UDG Aprilie 2026 este de <strong>300 MDL<\/strong>.<\/p>\n<h3>3. Confirmarea pl\u0103\u021bii<\/h3>\n<p>Plata se consider\u0103 efectuat\u0103 \u00een momentul primirii confirm\u0103rii de la sistemul IPS al BNM. Participantul va primi confirmarea pe e-mail.<\/p>\n<h3>4. Securitatea tranzac\u021biilor<\/h3>\n<p>Tranzac\u021biile sunt procesate prin sistemul IPS al BNM cu protec\u021bie algoritmic\u0103 conform standardelor \u00een vigoare. Datele bancare ale pl\u0103titorului nu sunt accesate sau stocate de Comerciant.<\/p>\n<h3>5. Pre\u021buri nediscriminatorii<\/h3>\n<p>Pre\u021bul serviciului este identic indiferent de instrumentul sau mijlocul de plat\u0103 utilizat.<\/p>\n<h3>6. Contact<\/h3>\n<p><a href=\"mailto:info@uni-dg.md\">info@uni-dg.md<\/a> | +37368459599<\/p>","protected":false},"excerpt":{"rendered":"<p>Termeni \u0219i Condi\u021bii de Plat\u0103 Prezentul document stabile\u0219te condi\u021biile de plat\u0103 pentru serviciile oferite de Universitatea Divitia Gratiae Institu\u021bia Religioas\u0103, cu sediul \u00een mun. Chi\u0219in\u0103u, str. Alexandru H\u00e2jdeu 94, Republica Moldova. 1. Metode de plat\u0103 acceptate Comerciantul accept\u0103 pl\u0103\u021bi prin sistemul MIA Pl\u0103\u021bi Instant, opera\u021bionalizat de Banca Na\u021bional\u0103 a Moldovei (BNM) \u0219i integrat prin serviciul &hellip;<\/p>\n<p class=\"read-more\"> <a class=\"\" href=\"https:\/\/www.uni-dg.md\/ro\/termeni-si-conditii-de-plata\/\"> <span class=\"screen-reader-text\">Termeni \u0219i Condi\u021bii de Plat\u0103<\/span> Read More &raquo;<\/a><\/p>","protected":false},"author":1,"featured_media":0,"parent":0,"menu_order":0,"comment_status":"closed","ping_status":"closed","template":"","meta":{"_editorskit_title_hidden":false,"_editorskit_reading_time":0,"_editorskit_is_block_options_detached":false,"_editorskit_block_options_position":"{}"},"_links":{"self":[{"href":"https:\/\/www.uni-dg.md\/ro\/wp-json\/wp\/v2\/pages\/7405"}],"collection":[{"href":"https:\/\/www.uni-dg.md\/ro\/wp-json\/wp\/v2\/pages"}],"about":[{"href":"https:\/\/www.uni-dg.md\/ro\/wp-json\/wp\/v2\/types\/page"}],"author":[{"embeddable":true,"href":"https:\/\/www.uni-dg.md\/ro\/wp-json\/wp\/v2\/users\/1"}],"replies":[{"embeddable":true,"href":"https:\/\/www.uni-dg.md\/ro\/wp-json\/wp\/v2\/comments?post=7405"}],"version-history":[{"count":1,"href":"https:\/\/www.uni-dg.md\/ro\/wp-json\/wp\/v2\/pages\/7405\/revisions"}],"predecessor-version":[{"id":7411,"href":"https:\/\/www.uni-dg.md\/ro\/wp-json\/wp\/v2\/pages\/7405\/revisions\/7411"}],"wp:attachment":[{"href":"https:\/\/www.uni-dg.md\/ro\/wp-json\/wp\/v2\/media?parent=7405"}],"curies":[{"name":"wp","href":"https:\/\/api.w.org\/{rel}","templated":true}]}}